{"id":1917,"date":"2020-09-02T11:42:07","date_gmt":"2020-09-02T09:42:07","guid":{"rendered":"https:\/\/www.zentral.at\/datenschutz\/"},"modified":"2020-11-19T14:55:37","modified_gmt":"2020-11-19T13:55:37","slug":"privacy","status":"publish","type":"page","link":"https:\/\/www.zentral.at\/en\/privacy\/","title":{"rendered":"Privacy"},"content":{"rendered":"<div class=\"vce-row-container\"><div class=\"vce-row vce-row--col-gap-30 schmal vce-row-columns--top vce-row-content--top\" id=\"el-ffafdf0b\" data-vce-do-apply=\"all el-ffafdf0b\"><div class=\"vce-row-content\" data-vce-element-content=\"true\"><div class=\"vce-col vce-col--md-auto vce-col--xs-1 vce-col--xs-last vce-col--xs-first vce-col--sm-last vce-col--sm-first vce-col--md-last vce-col--lg-last vce-col--xl-last vce-col--md-first vce-col--lg-first vce-col--xl-first\" id=\"el-1ddc3363\"><div class=\"vce-col-inner\" data-vce-do-apply=\"border margin background  el-1ddc3363\"><div class=\"vce-col-content\" data-vce-element-content=\"true\" data-vce-do-apply=\"padding el-1ddc3363\"><div class=\"vce-text-block\"><div class=\"vce-text-block-wrapper vce\" id=\"el-d10d0a78\" data-vce-do-apply=\"all el-d10d0a78\"><h1>Data Privacy<\/h1><\/div><\/div><div class=\"vce-text-block\"><div class=\"vce-text-block-wrapper vce\" id=\"el-c312a4bd\" data-vce-do-apply=\"all el-c312a4bd\"><p>Verantwortlich f\u00fcr die Verarbeitung Ihrer personenbezogenen Daten auf unserer Website ist die Zauchensee Walchhofer GmbH, Zauchensee 12, A-5541 Altenmarkt \u2013 Zauchensee. Wir nehmen den Schutz Ihrer pers\u00f6nlichen Daten sehr ernst. Wir behandeln Ihre personenbezogenen Daten vertraulich und entsprechend der gesetzlichen Datenschutzvorschriften sowie dieser Datenschutzerkl\u00e4rung. Ihre Daten werden ohne Ihre ausdr\u00fcckliche Zustimmung nicht an andere Empf\u00e4nger weitergegeben.<\/p><p>&nbsp;<\/p><p><strong>\"Teilen\"-Buttons<\/strong><\/p><p>Unsere Website verf\u00fcgt auf machen Seiten \u00fcber Buttons zum Teilen der Seiteninhalte auf den Social Media-Plattformen Facebook, Twitter, Google Plus, Pinterest. Die Buttons sind im Sinn des Schutzes der personenbezogenen Daten unserer Websitebesucher ideal ausgestaltet, da das hinter den Buttons liegende Skript (Computerprogramm)&nbsp;<strong>keine personenbezogenen Daten<\/strong>&nbsp;erfasst oder verarbeitet. Websitebesucher, die unsere Seite teilen wollen, werden bei Klick auf die Buttons direkt auf die \u201eTeilen\u201c-Seiten der jeweiligen Social Media-Plattformen geleitet. Erst dort werden die zum Teilen der Seiteninhalte notwendigen Skripte geladen. Dabei gelten dann die vom Websitebesucher mit den jeweiligen Social Media-Plattformen vereinbarten Gesch\u00e4fts- und Datenschutzbedingungen. Genaue Informationen dar\u00fcber bieten die jeweiligen Plattformen&nbsp;<a href=\"https:\/\/www.facebook.com\/policy.php\" target=\"_blank\" rel=\"noopener noreferrer\">Facebook<\/a>,&nbsp;<a href=\"https:\/\/www.google.com\/intl\/de\/policies\/privacy\/\" target=\"_blank\" rel=\"noopener noreferrer\">Google Plus<\/a>,&nbsp;<a href=\"https:\/\/help.twitter.com\/de\/rules-and-policies\/twitter-rules\" target=\"_blank\" rel=\"noopener noreferrer\">Twitter<\/a>,&nbsp;<a href=\"https:\/\/policy.pinterest.com\/en\" target=\"_blank\" rel=\"noopener noreferrer\">Pinterest<\/a>.<\/p><p>&nbsp;<\/p><p><strong>Cookies<\/strong><\/p><p>Diese Website verwendet Cookies. Cookies machen Websites f\u00fcr den Benutzer benutzerfreundlicher und effizienter. Ein Cookie ist eine kleine Textdatei, die zur Speicherung von Informationen dient. Beim Besuch einer Website kann die Website auf dem Computer des Website-Besuchers ein Cookie platzieren. Besucht der Benutzer die Website sp\u00e4ter wieder, kann die Website die Daten des fr\u00fcher gespeicherten Cookies auslesen und so z.B. feststellen, ob der Benutzer die Website schon fr\u00fcher besucht hat und f\u00fcr welche Bereiche der Website sich der Benutzer besonders interessiert hat. Mehr Informationen zu Cookies erhalten Sie auf&nbsp;<a href=\"http:\/\/de.wikipedia.org\/wiki\/HTTP-Cookie\" target=\"_blank\" rel=\"noopener noreferrer\">WIKIPEDIA<\/a>.<\/p><p>&nbsp;<\/p><p><strong>\u00c4ndern der Cookie-Einstellungen<\/strong><br>Wie der Web-Browser mit Cookies umgeht, welche Cookies zugelassen oder abgelehnt werden, kann der Benutzer in den Einstellungen des Web-Browsers festlegen. Wo genau sich diese Einstellungen befinden, h\u00e4ngt vom jeweiligen Web-Browser ab. Detailinformationen dazu k\u00f6nnen \u00fcber die Hilfe-Funktion des jeweiligen Web-Browsers aufgerufen werden. Wenn die Nutzung von Cookies eingeschr\u00e4nkt wird, sind unter Umst\u00e4nden nicht mehr alle Funktionen dieser Website vollumf\u00e4nglich nutzbar.<\/p><p>&nbsp;<\/p><p><strong>Cookies auf unserer Website<\/strong><br>Unsere Website verwendet folgende Anbieter:<\/p><p>Hotjar<br>Google Adwords<br>Google Analytics<\/p><p>&nbsp;<\/p><p><strong>Datenschutzerkl\u00e4rung f\u00fcr die Nutzung von Hotjar<\/strong><\/p><p>Wir nutzen&nbsp;<a href=\"http:\/\/www.hotjar.com\/\">Hotjar<\/a>, um die Bed\u00fcrfnisse unserer Nutzer besser zu verstehen und das Angebot auf dieser Webseite zu optimieren. &nbsp;Mithilfe der Technologie von Hotjar bekommen wir eine besseres Verst\u00e4ndnis von den Erfahrungen unserer Nutzer (z.B. wieviel Zeit Nutzer auf welchen Seiten verbringen, welche Links sie anklicken, was sie m\u00f6gen und was nicht etc.) und das hilft uns, unser Angebot am Feedback unserer Nutzer auszurichten. Hotjar arbeitet mit Cookies und anderen Technologien, um Informationen \u00fcber das Verhalten unserer Nutzer und \u00fcber ihre Endger\u00e4te zu sammeln (insbesondere IP Adresse des Ger\u00e4ts (wird nur in anonymisierter Form erfasst und gespeichert), Bildschirmgr\u00f6\u00dfe, Ger\u00e4tetyp (Unique Device Identifiers), Informationen &nbsp;\u00fcber den verwendeten Browser, Standort (nur Land), zum Anzeigen unserer Webseite bevorzugte Sprache). Hotjar speichert diese Informationen in einem pseudonymisierten Nutzerprofil. Die Informationen werden weder von Hotjar noch von uns zur Identifizierung einzelner Nutzer verwendet oder mit weiteren Daten \u00fcber einzelne Nutzer zusammengef\u00fchrt. Weitere Informationen finden Sie in Hotjars Datenschutzerkl\u00e4rung&nbsp;<a href=\"https:\/\/www.hotjar.com\/legal\/policies\/privacy\">hier.&nbsp;<\/a><\/p><p>Sie k\u00f6nnen der Speicherung eines Nutzerprofils und von Informationen \u00fcber Ihren Besuch auf unserer Webseite durch Hotjar sowie dem Setzen von Hotjar Tracking Cookies auf anderen Webseiten widersprechen, wenn Sie diesen&nbsp;<a href=\"https:\/\/www.hotjar.com\/opt-out\">Opt-Out Link<\/a>&nbsp;anklicken.<\/p><p>&nbsp;<\/p><p><strong>Google Analytics<\/strong><\/p><p>Diese Website verwendet Google Analytics, einen Webanalysedienst der Google Inc, 1600 Amphitheatre Parkway Mountain View, CA 94043, USA (\u201eGoogle\u201c). Wir haben dazu mit Google einen Vertrag zur Auftragsdatenverarbeitung abgeschlossen. Die \u00dcbermittlung der Daten in die USA erfolgt auf Grundlage des Privacy Shields. Beim Aufruf unserer Webseite wird \u00fcber eine Software eine Verbindung zu den Servern von Google hergestellt und Daten an teils in den USA befindliche Server von Google \u00fcbermittelt. Google Analytics verwendet zudem Cookies zur Speicherung von Informationen \u00fcber den Website-Benutzer und zur Analyse der Benutzung der Website durch die Website-Benutzer. Diese Website nutzt die Funktion \u201eAktivierung der IP-Anonymisierung\u201c. Dadurch wird Ihre IP-Adresse von Google innerhalb von Mitgliedstaaten der Europ\u00e4ischen Union oder in anderen Vertragsstaaten des Abkommens \u00fcber den Europ\u00e4ischen Wirtschaftsraum zuvor gek\u00fcrzt. Nur in Ausnahmef\u00e4llen wird die volle IP-Adresse an einen Server von Google in den USA \u00fcbertragen und dort gek\u00fcrzt. Laut Angaben von Google wird Google die erhobenen Daten benutzen, um die Nutzung der Website auszuwerten, um Reports \u00fcber die Websiteaktivit\u00e4ten zusammenzustellen und um weitere mit der Websitenutzung und der Internetnutzung verbundene Dienstleistungen zu erbringen. Auch wird Google diese Informationen gegebenenfalls an Dritte \u00fcbertragen, sofern dies gesetzlich vorgeschrieben ist oder soweit Dritte diese Daten im Auftrag von Google verarbeiten. Detaillierte Informationen zum Umgang mit Nutzerdaten bei Google Analytics finden Sie in der Datenschutzerkl\u00e4rung von&nbsp;<a href=\"https:\/\/www.google.com\/intl\/de\/policies\/privacy\/\" rel=\"noopener noreferrer\">Google<\/a>&nbsp;bzw. von&nbsp;<a href=\"https:\/\/support.google.com\/analytics\/answer\/6004245?hl=de\" rel=\"noopener noreferrer\">Google Analytics<\/a>.<\/p><p>&nbsp;<\/p><p><strong>Google Analytics deaktivieren<\/strong><\/p><ul><li>Sie k\u00f6nnen die Erfassung Ihrer Nutzerdaten durch Google Analytics generell&nbsp;<strong>auf allen Websites<\/strong>&nbsp;verhindern, indem Sie das unter dem folgenden Link verf\u00fcgbare Browser-Plugin herunterladen und installieren:&nbsp;<u><a href=\"https:\/\/tools.google.com\/dlpage\/gaoptout?hl=de\" rel=\"noopener noreferrer\">https:\/\/tools.google.com\/dlpage\/gaoptout?hl=de<\/a><\/u><\/li><li>Sie k\u00f6nnen die Erfassung Ihrer Nutzerdaten durch Google Analytics&nbsp;<strong>nur auf dieser Website&nbsp;<\/strong>verhindern, indem Sie auf folgenden Link klicken. Es wird ein Opt-Out-Cookie gesetzt, das die Erfassung Ihrer Daten bei zuk\u00fcnftigen Besuchen dieser Website verhindert:&nbsp;Google Analytics deaktivieren.<\/li><\/ul><p>&nbsp;<\/p><p><strong>Ihre Rechte<\/strong><\/p><p>Sie haben das Recht auf Auskunft, Berichtigung, L\u00f6schung und Einschr\u00e4nkung der Verarbeitung der personenbezogenen Daten sowie das Recht auf Daten\u00fcbertragbarkeit. Sie haben das Recht auf Widerruf eventuell erteilter Einwilligungen zur Verarbeitung Ihrer personenbezogenen Daten. Die Rechtm\u00e4\u00dfigkeit der Verarbeitung der personenbezogenen Daten bis zum Widerruf wird durch den Widerruf nicht ber\u00fchrt. Sie haben das Recht auf Widerspruch gegen die Verarbeitung Ihrer personenbezogenen Daten zum Zweck der Direktwerbung. Im Fall des Widerspruchs werden Ihre personenbezogenen Daten nicht mehr zum Zwecke der Direktwerbung verarbeitet. Weiters haben Sie das Recht auf Beschwerde bei der Aufsichtsbeh\u00f6rde (\u00d6sterreichische Datenschutzbeh\u00f6rde, Barichgasse 40-42, 1030 Wien,&nbsp;<a href=\"mailto:dsb@dsb.gv.at\">dsb@dsb.gv.at<\/a>).<\/p><\/div><\/div><\/div><\/div><\/div><\/div><\/div><\/div>\n","protected":false},"excerpt":{"rendered":"<p>Data PrivacyVerantwortlich f\u00fcr die Verarbeitung Ihrer personenbezogenen Daten auf unserer Website ist die Zauchensee Walchhofer GmbH, Zauchensee 12, A-5541 Altenmarkt \u2013 Zauchensee. Wir nehmen den Schutz Ihrer pers\u00f6nlichen Daten sehr ernst. Wir behandeln Ihre personenbezogenen Daten vertraulich und entsprechend der gesetzlichen Datenschutzvorschriften sowie dieser Datenschutzerkl\u00e4rung. Ihre Daten werden ohne Ihre ausdr\u00fcckliche Zustimmung nicht an andere [&hellip;]<\/p>\n","protected":false},"author":1,"featured_media":0,"parent":0,"menu_order":4,"comment_status":"closed","ping_status":"closed","template":"page-noheader.php","meta":{"_acf_changed":false,"footnotes":""},"class_list":["post-1917","page","type-page","status-publish","hentry"],"acf":[],"_links":{"self":[{"href":"https:\/\/www.zentral.at\/en\/wp-json\/wp\/v2\/pages\/1917","targetHints":{"allow":["GET"]}}],"collection":[{"href":"https:\/\/www.zentral.at\/en\/wp-json\/wp\/v2\/pages"}],"about":[{"href":"https:\/\/www.zentral.at\/en\/wp-json\/wp\/v2\/types\/page"}],"author":[{"embeddable":true,"href":"https:\/\/www.zentral.at\/en\/wp-json\/wp\/v2\/users\/1"}],"replies":[{"embeddable":true,"href":"https:\/\/www.zentral.at\/en\/wp-json\/wp\/v2\/comments?post=1917"}],"version-history":[{"count":0,"href":"https:\/\/www.zentral.at\/en\/wp-json\/wp\/v2\/pages\/1917\/revisions"}],"wp:attachment":[{"href":"https:\/\/www.zentral.at\/en\/wp-json\/wp\/v2\/media?parent=1917"}],"curies":[{"name":"wp","href":"https:\/\/api.w.org\/{rel}","templated":true}]}}